{"id":2,"date":"2021-12-27T20:48:14","date_gmt":"2021-12-27T20:48:14","guid":{"rendered":"https:\/\/herbergdeloohoeve.nl\/?page_id=2"},"modified":"2024-04-23T15:47:12","modified_gmt":"2024-04-23T14:47:12","slug":"sample-page","status":"publish","type":"page","link":"https:\/\/herbergdeloohoeve.nl\/de\/","title":{"rendered":"Kom overnachten in Schoonloo"},"content":{"rendered":"\n<p>Willkommen in Herberg de Loohoeve! Bei uns k\u00f6nnen Sie burgundisch essen, trinken und schlafen. Seien Sie willkommen in unserem Restaurant, auf unserer Terrasse oder in unseren stilvollen Hotelzimmern und lassen Sie sich \u00fcberraschen von all der Sch\u00f6nheit, die Schoonloo und die Umgebung zu bieten haben. Entdecken Sie unsere Arrangements und die nat\u00fcrliche Umgebung von Herberg de Loohoeve.<\/p>\n\n\n\n<p>Ge\u00f6ffnet f\u00fcr Abendessen, Lunch, Fr\u00fchst\u00fcck und \u00dcbernachtungen.<\/p>\n","protected":false},"excerpt":{"rendered":"<p>Willkommen in Herberg de Loohoeve! Bei uns k\u00f6nnen Sie burgundisch essen, trinken und schlafen. Seien Sie willkommen in unserem Restaurant, auf unserer Terrasse oder in [&hellip;]<\/p>\n","protected":false},"author":1,"featured_media":2087,"parent":0,"menu_order":0,"comment_status":"closed","ping_status":"open","template":"","meta":{"footnotes":""},"class_list":["post-2","page","type-page","status-publish","has-post-thumbnail","hentry"],"translation":{"provider":"WPGlobus","version":"3.0.2","language":"de","enabled_languages":["nl","de"],"languages":{"nl":{"title":true,"content":true,"excerpt":false},"de":{"title":false,"content":true,"excerpt":false}}},"yoast_head":"<!-- This site is optimized with the Yoast SEO plugin v27.5 - https:\/\/yoast.com\/product\/yoast-seo-wordpress\/ -->\n<title>Kom overnachten in Schoonloo - Herberg de Loohoeve<\/title>\n<meta name=\"robots\" content=\"index, follow, max-snippet:-1, max-image-preview:large, max-video-preview:-1\" \/>\n<link rel=\"canonical\" href=\"https:\/\/herbergdeloohoeve.nl\/\" \/>\n<meta property=\"og:locale\" content=\"de_DE\" \/>\n<meta property=\"og:type\" content=\"article\" \/>\n<meta property=\"og:title\" content=\"Kom overnachten in Schoonloo - Herberg de Loohoeve\" \/>\n<meta property=\"og:url\" content=\"https:\/\/herbergdeloohoeve.nl\/\" \/>\n<meta property=\"og:site_name\" content=\"Herberg de Loohoeve\" \/>\n<meta property=\"article:modified_time\" content=\"2024-04-23T14:47:12+00:00\" \/>\n<meta property=\"og:image\" content=\"https:\/\/herbergdeloohoeve.nl\/wp-content\/uploads\/2024\/04\/Loohoeve-header.jpg\" \/>\n\t<meta property=\"og:image:width\" content=\"1000\" \/>\n\t<meta property=\"og:image:height\" content=\"714\" \/>\n\t<meta property=\"og:image:type\" content=\"image\/jpeg\" \/>\n<meta name=\"twitter:card\" content=\"summary_large_image\" \/>\n<meta name=\"twitter:label1\" content=\"Est. reading time\" \/>\n\t<meta name=\"twitter:data1\" content=\"1 minute\" \/>\n<script type=\"application\/ld+json\" class=\"yoast-schema-graph\">{\"@context\":\"https:\\\/\\\/schema.org\",\"@graph\":[{\"@type\":\"WebPage\",\"@id\":\"https:\\\/\\\/herbergdeloohoeve.nl\\\/\",\"url\":\"https:\\\/\\\/herbergdeloohoeve.nl\\\/\",\"name\":\"Kom overnachten in Schoonloo - Herberg de Loohoeve\",\"isPartOf\":{\"@id\":\"https:\\\/\\\/herbergdeloohoeve.nl\\\/#website\"},\"primaryImageOfPage\":{\"@id\":\"https:\\\/\\\/herbergdeloohoeve.nl\\\/#primaryimage\"},\"image\":{\"@id\":\"https:\\\/\\\/herbergdeloohoeve.nl\\\/#primaryimage\"},\"thumbnailUrl\":\"https:\\\/\\\/herbergdeloohoeve.nl\\\/wp-content\\\/uploads\\\/2024\\\/04\\\/Loohoeve-header.jpg\",\"datePublished\":\"2021-12-27T20:48:14+00:00\",\"dateModified\":\"2024-04-23T14:47:12+00:00\",\"description\":\"Welkom bij Herberg de Loohoeve! Kom genieten van bourgondisch eten, drinken en slapen. Eten \u2713 Drinken \u2713 Logeren \u2713\",\"breadcrumb\":{\"@id\":\"https:\\\/\\\/herbergdeloohoeve.nl\\\/#breadcrumb\"},\"inLanguage\":\"de-DE\",\"potentialAction\":[{\"@type\":\"ReadAction\",\"target\":[\"https:\\\/\\\/herbergdeloohoeve.nl\\\/\"]}]},{\"@type\":\"ImageObject\",\"inLanguage\":\"de-DE\",\"@id\":\"https:\\\/\\\/herbergdeloohoeve.nl\\\/#primaryimage\",\"url\":\"https:\\\/\\\/herbergdeloohoeve.nl\\\/wp-content\\\/uploads\\\/2024\\\/04\\\/Loohoeve-header.jpg\",\"contentUrl\":\"https:\\\/\\\/herbergdeloohoeve.nl\\\/wp-content\\\/uploads\\\/2024\\\/04\\\/Loohoeve-header.jpg\",\"width\":1000,\"height\":714},{\"@type\":\"BreadcrumbList\",\"@id\":\"https:\\\/\\\/herbergdeloohoeve.nl\\\/#breadcrumb\",\"itemListElement\":[{\"@type\":\"ListItem\",\"position\":1,\"name\":\"Home\",\"item\":\"https:\\\/\\\/herbergdeloohoeve.nl\\\/\"},{\"@type\":\"ListItem\",\"position\":2,\"name\":\"Kom overnachten in Schoonloo\"}]},{\"@type\":\"WebSite\",\"@id\":\"https:\\\/\\\/herbergdeloohoeve.nl\\\/#website\",\"url\":\"https:\\\/\\\/herbergdeloohoeve.nl\\\/\",\"name\":\"Herberg de Loohoeve\",\"description\":\"\",\"potentialAction\":[{\"@type\":\"SearchAction\",\"target\":{\"@type\":\"EntryPoint\",\"urlTemplate\":\"https:\\\/\\\/herbergdeloohoeve.nl\\\/?s={search_term_string}\"},\"query-input\":{\"@type\":\"PropertyValueSpecification\",\"valueRequired\":true,\"valueName\":\"search_term_string\"}}],\"inLanguage\":\"de-DE\"}]}<\/script>\n<!-- \/ Yoast SEO plugin. -->","yoast_head_json":{"title":"Kom overnachten in Schoonloo - Herberg de Loohoeve","robots":{"index":"index","follow":"follow","max-snippet":"max-snippet:-1","max-image-preview":"max-image-preview:large","max-video-preview":"max-video-preview:-1"},"canonical":"https:\/\/herbergdeloohoeve.nl\/","og_locale":"de_DE","og_type":"article","og_title":"Kom overnachten in Schoonloo - Herberg de Loohoeve","og_url":"https:\/\/herbergdeloohoeve.nl\/","og_site_name":"Herberg de Loohoeve","article_modified_time":"2024-04-23T14:47:12+00:00","og_image":[{"width":1000,"height":714,"url":"https:\/\/herbergdeloohoeve.nl\/wp-content\/uploads\/2024\/04\/Loohoeve-header.jpg","type":"image\/jpeg"}],"twitter_card":"summary_large_image","twitter_misc":{"Est. reading time":"1 minute"},"schema":{"@context":"https:\/\/schema.org","@graph":[{"@type":"WebPage","@id":"https:\/\/herbergdeloohoeve.nl\/","url":"https:\/\/herbergdeloohoeve.nl\/","name":"Kom overnachten in Schoonloo - Herberg de Loohoeve","isPartOf":{"@id":"https:\/\/herbergdeloohoeve.nl\/#website"},"primaryImageOfPage":{"@id":"https:\/\/herbergdeloohoeve.nl\/#primaryimage"},"image":{"@id":"https:\/\/herbergdeloohoeve.nl\/#primaryimage"},"thumbnailUrl":"https:\/\/herbergdeloohoeve.nl\/wp-content\/uploads\/2024\/04\/Loohoeve-header.jpg","datePublished":"2021-12-27T20:48:14+00:00","dateModified":"2024-04-23T14:47:12+00:00","description":"Welkom bij Herberg de Loohoeve! Kom genieten van bourgondisch eten, drinken en slapen. Eten \u2713 Drinken \u2713 Logeren \u2713","breadcrumb":{"@id":"https:\/\/herbergdeloohoeve.nl\/#breadcrumb"},"inLanguage":"de-DE","potentialAction":[{"@type":"ReadAction","target":["https:\/\/herbergdeloohoeve.nl\/"]}]},{"@type":"ImageObject","inLanguage":"de-DE","@id":"https:\/\/herbergdeloohoeve.nl\/#primaryimage","url":"https:\/\/herbergdeloohoeve.nl\/wp-content\/uploads\/2024\/04\/Loohoeve-header.jpg","contentUrl":"https:\/\/herbergdeloohoeve.nl\/wp-content\/uploads\/2024\/04\/Loohoeve-header.jpg","width":1000,"height":714},{"@type":"BreadcrumbList","@id":"https:\/\/herbergdeloohoeve.nl\/#breadcrumb","itemListElement":[{"@type":"ListItem","position":1,"name":"Home","item":"https:\/\/herbergdeloohoeve.nl\/"},{"@type":"ListItem","position":2,"name":"Kom overnachten in Schoonloo"}]},{"@type":"WebSite","@id":"https:\/\/herbergdeloohoeve.nl\/#website","url":"https:\/\/herbergdeloohoeve.nl\/","name":"Herberg de Loohoeve","description":"","potentialAction":[{"@type":"SearchAction","target":{"@type":"EntryPoint","urlTemplate":"https:\/\/herbergdeloohoeve.nl\/?s={search_term_string}"},"query-input":{"@type":"PropertyValueSpecification","valueRequired":true,"valueName":"search_term_string"}}],"inLanguage":"de-DE"}]}},"_links":{"self":[{"href":"https:\/\/herbergdeloohoeve.nl\/de\/wp-json\/wp\/v2\/pages\/2","targetHints":{"allow":["GET"]}}],"collection":[{"href":"https:\/\/herbergdeloohoeve.nl\/de\/wp-json\/wp\/v2\/pages"}],"about":[{"href":"https:\/\/herbergdeloohoeve.nl\/de\/wp-json\/wp\/v2\/types\/page"}],"author":[{"embeddable":true,"href":"https:\/\/herbergdeloohoeve.nl\/de\/wp-json\/wp\/v2\/users\/1"}],"replies":[{"embeddable":true,"href":"https:\/\/herbergdeloohoeve.nl\/de\/wp-json\/wp\/v2\/comments?post=2"}],"version-history":[{"count":0,"href":"https:\/\/herbergdeloohoeve.nl\/de\/wp-json\/wp\/v2\/pages\/2\/revisions"}],"wp:featuredmedia":[{"embeddable":true,"href":"https:\/\/herbergdeloohoeve.nl\/de\/wp-json\/wp\/v2\/media\/2087"}],"wp:attachment":[{"href":"https:\/\/herbergdeloohoeve.nl\/de\/wp-json\/wp\/v2\/media?parent=2"}],"curies":[{"name":"wp","href":"https:\/\/api.w.org\/{rel}","templated":true}]}}