{"id":56,"date":"2022-01-21T14:50:47","date_gmt":"2022-01-21T13:50:47","guid":{"rendered":"https:\/\/herbergdeloohoeve.nl\/?page_id=56"},"modified":"2026-02-26T09:17:05","modified_gmt":"2026-02-26T08:17:05","slug":"kamers","status":"publish","type":"page","link":"https:\/\/herbergdeloohoeve.nl\/de\/kamers\/","title":{"rendered":"Onze kamers"},"content":{"rendered":"\n<div class=\"wp-block-media-text alignwide has-media-on-the-right is-stacked-on-mobile is-image-fill\" style=\"grid-template-columns:auto 45%\"><figure class=\"wp-block-media-text__media\" style=\"background-image:url(https:\/\/herbergdeloohoeve.nl\/wp-content\/uploads\/2022\/01\/Herberg-de-Loohoeve-Schoonloo.jpg);background-position:50% 50%\"><img loading=\"lazy\" decoding=\"async\" width=\"600\" height=\"400\" src=\"https:\/\/herbergdeloohoeve.nl\/wp-content\/uploads\/2022\/01\/Herberg-de-Loohoeve-Schoonloo.jpg\" alt=\"\" class=\"wp-image-106 size-full\" srcset=\"https:\/\/herbergdeloohoeve.nl\/wp-content\/uploads\/2022\/01\/Herberg-de-Loohoeve-Schoonloo.jpg 600w, https:\/\/herbergdeloohoeve.nl\/wp-content\/uploads\/2022\/01\/Herberg-de-Loohoeve-Schoonloo-300x200.jpg 300w, https:\/\/herbergdeloohoeve.nl\/wp-content\/uploads\/2022\/01\/Herberg-de-Loohoeve-Schoonloo-180x120.jpg 180w\" sizes=\"auto, (max-width: 600px) 100vw, 600px\" \/><\/figure><div class=\"wp-block-media-text__content\">\n<h2 class=\"wp-block-heading\" id=\"logeren-bij-herberg-de-loohoeve\">\u00dcbernachten in Herberg de Loohoeve<\/h2>\n\n\n\n<p>Sie k\u00f6nnen \u00fcber Nacht bleiben. Sie k\u00f6nnen ein Zimmer ausw\u00e4hlen, das Ihren W\u00fcnschen entspricht. \u00dcbernachten Sie inmitten von Naturgebieten und sch\u00f6nen W\u00e4ldern, direkt neben dem Pieterpad und anderen herrlichen Wanderwegen. Kommen Sie und genie\u00dfen Sie das naturreiche Schoonloo!<\/p>\n\n\n\n<p><br>Hunde sind willkommen. Wir w\u00fcrden uns freuen, wenn Sie uns mitteilen w\u00fcrden, dass Ihr Hund mitkommt. Die Kosten f\u00fcr den Hund betragen \u20ac 10,- pro Nacht. Hunden sind nur erlaubt in einem unserer Loo Zimmer.<\/p>\n\n\n\n<p>Falls Sie nicht angeben, dass Hunde mitgebracht werden, sind wir gezwungen, zus\u00e4tzliche Reinigungskosten zu berechnen.<\/p>\n<\/div><\/div>\n\n\n\n<div style=\"height:120px\" aria-hidden=\"true\" class=\"wp-block-spacer\"><\/div>\n\n\n\n<div class=\"wp-block-media-text alignwide is-stacked-on-mobile is-image-fill\" style=\"grid-template-columns:45% auto\"><figure class=\"wp-block-media-text__media\" style=\"background-image:url(https:\/\/herbergdeloohoeve.nl\/wp-content\/uploads\/2022\/01\/Kamers-Boerderijkamer.jpg);background-position:48% 45%\"><img loading=\"lazy\" decoding=\"async\" width=\"800\" height=\"533\" src=\"https:\/\/herbergdeloohoeve.nl\/wp-content\/uploads\/2022\/01\/Kamers-Boerderijkamer.jpg\" alt=\"\" class=\"wp-image-276 size-full\" srcset=\"https:\/\/herbergdeloohoeve.nl\/wp-content\/uploads\/2022\/01\/Kamers-Boerderijkamer.jpg 800w, https:\/\/herbergdeloohoeve.nl\/wp-content\/uploads\/2022\/01\/Kamers-Boerderijkamer-300x200.jpg 300w, https:\/\/herbergdeloohoeve.nl\/wp-content\/uploads\/2022\/01\/Kamers-Boerderijkamer-768x512.jpg 768w, https:\/\/herbergdeloohoeve.nl\/wp-content\/uploads\/2022\/01\/Kamers-Boerderijkamer-180x120.jpg 180w\" sizes=\"auto, (max-width: 800px) 100vw, 800px\" \/><\/figure><div class=\"wp-block-media-text__content\">\n<h2 class=\"wp-block-heading\" id=\"boerderijkamers\">Bauernhaus Zimmer<\/h2>\n\n\n\n<p>Wir verf\u00fcgen \u00fcber drei Bauernhauszimmer, De Hooizolder, De Grupstal und De Potstal. Ein Zimmer im Obergeschoss und zwei Zimmer im Erdgeschoss. Die Zimmer im Erdgeschoss (De Grupstal und De Potstal) haben beide eine eigene Terrasse an der Seite unseres Gartens. De Grupstal ist ein kleiner, aber sehr gem\u00fctlicher Raum, in dem Sie Ihre Ruhe genie\u00dfen k\u00f6nnen. De Potstal ist auch ein gem\u00fctliches Zimmer mit einem Bad. Der Heuboden ist gr\u00f6\u00dfer als die beiden anderen R\u00e4ume. Dieses Zimmer befindet sich im obersten Stockwerk und verf\u00fcgt \u00fcber ein Kingsize-Bett, ein Badezimmer mit Badewanne und eine sch\u00f6ne Sitzecke, in die Sie sich mit einem guten Buch zur\u00fcckziehen k\u00f6nnen. In diesem Zimmer haben Sie von Ihrer Dachgaube aus einen sch\u00f6nen Blick auf den Garten und den Teich. Ein perfektes Zimmer f\u00fcr einen l\u00e4ngeren Aufenthalt. Auf Wunsch k\u00f6nnen Sie in De Hooizolder auch ein zus\u00e4tzliches Bett aufstellen lassen.<\/p>\n\n\n\n<p>Die Namen der Zimmer im Bauernhaus lauten:<\/p>\n\n\n\n<p>De Hooizolder ab&nbsp; \u20ac 115,-<\/p>\n\n\n\n<p>De Potstal&nbsp;&nbsp;&nbsp;&nbsp; ab&nbsp;&nbsp; \u20ac&nbsp;&nbsp; 95,-<\/p>\n\n\n\n<p>De Grupstal&nbsp;&nbsp;&nbsp; ab&nbsp;&nbsp; \u20ac 89,-&nbsp;&nbsp; &nbsp;&nbsp;&nbsp;&nbsp;&nbsp;&nbsp;<\/p>\n\n\n\n<p><a href=\"https:\/\/reservations.cubilis.eu\/9315\/Rooms\/Select?lang=nl&amp;Arrival=2022-02-03&amp;Departure=2022-02-05\">Buchen Sie eine \u00dcbernachtung in eine der Zimmer.<\/a>&nbsp;&nbsp;&nbsp;&nbsp;&nbsp;&nbsp;&nbsp;&nbsp;&nbsp;&nbsp;&nbsp;&nbsp;<\/p>\n<\/div><\/div>\n\n\n\n<div style=\"height:120px\" aria-hidden=\"true\" class=\"wp-block-spacer\"><\/div>\n\n\n\n<div class=\"wp-block-media-text alignwide has-media-on-the-right is-stacked-on-mobile is-image-fill\" style=\"grid-template-columns:auto 45%\"><figure class=\"wp-block-media-text__media\" style=\"background-image:url(https:\/\/herbergdeloohoeve.nl\/wp-content\/uploads\/2022\/01\/Kamers-Lookamers.jpg);background-position:50% 50%\"><img loading=\"lazy\" decoding=\"async\" width=\"800\" height=\"533\" src=\"https:\/\/herbergdeloohoeve.nl\/wp-content\/uploads\/2022\/01\/Kamers-Lookamers.jpg\" alt=\"\" class=\"wp-image-275 size-full\" srcset=\"https:\/\/herbergdeloohoeve.nl\/wp-content\/uploads\/2022\/01\/Kamers-Lookamers.jpg 800w, https:\/\/herbergdeloohoeve.nl\/wp-content\/uploads\/2022\/01\/Kamers-Lookamers-300x200.jpg 300w, https:\/\/herbergdeloohoeve.nl\/wp-content\/uploads\/2022\/01\/Kamers-Lookamers-768x512.jpg 768w, https:\/\/herbergdeloohoeve.nl\/wp-content\/uploads\/2022\/01\/Kamers-Lookamers-180x120.jpg 180w\" sizes=\"auto, (max-width: 800px) 100vw, 800px\" \/><\/figure><div class=\"wp-block-media-text__content\">\n<h2 class=\"wp-block-heading\" id=\"logeren-bij-herberg-de-loohoeve\">Loo Zimmer<\/h2>\n\n\n\n<p>\u00dcbernachtungen in einem separaten Geb\u00e4ude hinter dem Restaurant. Wir haben f\u00fcnf Lookamers, die sich in einem separaten Geb\u00e4ude hinter unserem Restaurant befinden. Es handelt sich um ger\u00e4umige Zimmer, die alle \u00fcber eine eigene Terrasse verf\u00fcgen. Ein Ort, an dem Sie ein ausgiebiges Fr\u00fchst\u00fcck in der Sonne genie\u00dfen k\u00f6nnen. Die Zimmer befinden sich alle im Erdgeschoss und verf\u00fcgen \u00fcber ein eigenes Bad. Die Zimmer sind ger\u00e4umig und bieten Platz f\u00fcr ein Zusatzbett oder ein Kinderbett. Wir sind gerne bereit, dies in Absprache mit Ihnen zu tun.<\/p>\n\n\n\n<p>Eine \u00dcbernachtung in einem Loo Zimmer kostet \u20ac89,-.<\/p>\n\n\n\n<p><a href=\"https:\/\/reservations.cubilis.eu\/9315\/Rooms\/Select?lang=nl&amp;Arrival=2022-02-03&amp;Departure=2022-02-05\">Buche eine \u00fcbernachtung in ein Loo Zimmer.<\/a><\/p>\n<\/div><\/div>\n\n\n\n<div style=\"height:120px\" aria-hidden=\"true\" class=\"wp-block-spacer\"><\/div>\n\n\n\n<div class=\"wp-block-media-text alignwide is-stacked-on-mobile is-image-fill\" style=\"grid-template-columns:45% auto\"><figure class=\"wp-block-media-text__media\" style=\"background-image:url(https:\/\/herbergdeloohoeve.nl\/wp-content\/uploads\/2022\/01\/standaardkamer-Pieterpad.jpg);background-position:50% 50%\"><img loading=\"lazy\" decoding=\"async\" width=\"800\" height=\"532\" src=\"https:\/\/herbergdeloohoeve.nl\/wp-content\/uploads\/2022\/01\/standaardkamer-Pieterpad.jpg\" alt=\"\" class=\"wp-image-307 size-full\" srcset=\"https:\/\/herbergdeloohoeve.nl\/wp-content\/uploads\/2022\/01\/standaardkamer-Pieterpad.jpg 800w, https:\/\/herbergdeloohoeve.nl\/wp-content\/uploads\/2022\/01\/standaardkamer-Pieterpad-300x200.jpg 300w, https:\/\/herbergdeloohoeve.nl\/wp-content\/uploads\/2022\/01\/standaardkamer-Pieterpad-768x511.jpg 768w, https:\/\/herbergdeloohoeve.nl\/wp-content\/uploads\/2022\/01\/standaardkamer-Pieterpad-180x120.jpg 180w\" sizes=\"auto, (max-width: 800px) 100vw, 800px\" \/><\/figure><div class=\"wp-block-media-text__content\">\n<h2 class=\"wp-block-heading\" id=\"boerderijkamers\">Standard Zimmer<\/h2>\n\n\n\n<p>Diese Zimmer befinden sich \u00fcber dem Lounge-Bereich des Restaurants. Es sind gem\u00fctliche Zimmer mit Blick auf unseren Garten und Teich.&nbsp;<\/p>\n\n\n\n<p>Eine \u00dcbernachtung in einem Standardzimmer kostet 69 \u20ac<\/p>\n\n\n\n<p><a href=\"https:\/\/reservations.cubilis.eu\/9315\/Rooms\/Select?lang=nl&amp;Arrival=2022-02-03&amp;Departure=2022-02-05\">Buche eine \u00fcbernachtung in ein Standard Zimmer.<\/a><\/p>\n<\/div><\/div>\n","protected":false},"excerpt":{"rendered":"<p>\u00dcbernachten in Herberg de Loohoeve Sie k\u00f6nnen \u00fcber Nacht bleiben. Sie k\u00f6nnen ein Zimmer ausw\u00e4hlen, das Ihren W\u00fcnschen entspricht. \u00dcbernachten Sie inmitten von Naturgebieten und [&hellip;]<\/p>\n","protected":false},"author":1,"featured_media":2068,"parent":0,"menu_order":0,"comment_status":"closed","ping_status":"closed","template":"","meta":{"footnotes":""},"class_list":["post-56","page","type-page","status-publish","has-post-thumbnail","hentry"],"translation":{"provider":"WPGlobus","version":"3.0.2","language":"de","enabled_languages":["nl","de"],"languages":{"nl":{"title":true,"content":true,"excerpt":false},"de":{"title":false,"content":true,"excerpt":false}}},"yoast_head":"<!-- This site is optimized with the Yoast SEO plugin v27.4 - https:\/\/yoast.com\/product\/yoast-seo-wordpress\/ -->\n<title>Onze kamers - Herberg de Loohoeve<\/title>\n<meta name=\"robots\" content=\"index, follow, max-snippet:-1, max-image-preview:large, max-video-preview:-1\" \/>\n<link rel=\"canonical\" href=\"https:\/\/herbergdeloohoeve.nl\/kamers\/\" \/>\n<meta property=\"og:locale\" content=\"de_DE\" \/>\n<meta property=\"og:type\" content=\"article\" \/>\n<meta property=\"og:title\" content=\"Onze kamers - Herberg de Loohoeve\" \/>\n<meta property=\"og:url\" content=\"https:\/\/herbergdeloohoeve.nl\/kamers\/\" \/>\n<meta property=\"og:site_name\" content=\"Herberg de Loohoeve\" \/>\n<meta property=\"article:modified_time\" content=\"2026-02-26T08:17:05+00:00\" \/>\n<meta property=\"og:image\" content=\"https:\/\/herbergdeloohoeve.nl\/wp-content\/uploads\/2024\/04\/WhatsApp-Image-2024-04-16-at-17.48.34-3.jpg\" \/>\n\t<meta property=\"og:image:width\" content=\"1536\" \/>\n\t<meta property=\"og:image:height\" content=\"2048\" \/>\n\t<meta property=\"og:image:type\" content=\"image\/jpeg\" \/>\n<meta name=\"twitter:card\" content=\"summary_large_image\" \/>\n<meta name=\"twitter:label1\" content=\"Est. reading time\" \/>\n\t<meta name=\"twitter:data1\" content=\"4 minutes\" \/>\n<script type=\"application\/ld+json\" class=\"yoast-schema-graph\">{\"@context\":\"https:\\\/\\\/schema.org\",\"@graph\":[{\"@type\":\"WebPage\",\"@id\":\"https:\\\/\\\/herbergdeloohoeve.nl\\\/kamers\\\/\",\"url\":\"https:\\\/\\\/herbergdeloohoeve.nl\\\/kamers\\\/\",\"name\":\"Onze kamers - Herberg de Loohoeve\",\"isPartOf\":{\"@id\":\"https:\\\/\\\/herbergdeloohoeve.nl\\\/#website\"},\"primaryImageOfPage\":{\"@id\":\"https:\\\/\\\/herbergdeloohoeve.nl\\\/kamers\\\/#primaryimage\"},\"image\":{\"@id\":\"https:\\\/\\\/herbergdeloohoeve.nl\\\/kamers\\\/#primaryimage\"},\"thumbnailUrl\":\"https:\\\/\\\/herbergdeloohoeve.nl\\\/wp-content\\\/uploads\\\/2024\\\/04\\\/WhatsApp-Image-2024-04-16-at-17.48.34-3.jpg\",\"datePublished\":\"2022-01-21T13:50:47+00:00\",\"dateModified\":\"2026-02-26T08:17:05+00:00\",\"breadcrumb\":{\"@id\":\"https:\\\/\\\/herbergdeloohoeve.nl\\\/kamers\\\/#breadcrumb\"},\"inLanguage\":\"de-DE\",\"potentialAction\":[{\"@type\":\"ReadAction\",\"target\":[\"https:\\\/\\\/herbergdeloohoeve.nl\\\/kamers\\\/\"]}]},{\"@type\":\"ImageObject\",\"inLanguage\":\"de-DE\",\"@id\":\"https:\\\/\\\/herbergdeloohoeve.nl\\\/kamers\\\/#primaryimage\",\"url\":\"https:\\\/\\\/herbergdeloohoeve.nl\\\/wp-content\\\/uploads\\\/2024\\\/04\\\/WhatsApp-Image-2024-04-16-at-17.48.34-3.jpg\",\"contentUrl\":\"https:\\\/\\\/herbergdeloohoeve.nl\\\/wp-content\\\/uploads\\\/2024\\\/04\\\/WhatsApp-Image-2024-04-16-at-17.48.34-3.jpg\",\"width\":1536,\"height\":2048},{\"@type\":\"BreadcrumbList\",\"@id\":\"https:\\\/\\\/herbergdeloohoeve.nl\\\/kamers\\\/#breadcrumb\",\"itemListElement\":[{\"@type\":\"ListItem\",\"position\":1,\"name\":\"Home\",\"item\":\"https:\\\/\\\/herbergdeloohoeve.nl\\\/\"},{\"@type\":\"ListItem\",\"position\":2,\"name\":\"Onze kamers\"}]},{\"@type\":\"WebSite\",\"@id\":\"https:\\\/\\\/herbergdeloohoeve.nl\\\/#website\",\"url\":\"https:\\\/\\\/herbergdeloohoeve.nl\\\/\",\"name\":\"Herberg de Loohoeve\",\"description\":\"\",\"potentialAction\":[{\"@type\":\"SearchAction\",\"target\":{\"@type\":\"EntryPoint\",\"urlTemplate\":\"https:\\\/\\\/herbergdeloohoeve.nl\\\/?s={search_term_string}\"},\"query-input\":{\"@type\":\"PropertyValueSpecification\",\"valueRequired\":true,\"valueName\":\"search_term_string\"}}],\"inLanguage\":\"de-DE\"}]}<\/script>\n<!-- \/ Yoast SEO plugin. -->","yoast_head_json":{"title":"Onze kamers - Herberg de Loohoeve","robots":{"index":"index","follow":"follow","max-snippet":"max-snippet:-1","max-image-preview":"max-image-preview:large","max-video-preview":"max-video-preview:-1"},"canonical":"https:\/\/herbergdeloohoeve.nl\/kamers\/","og_locale":"de_DE","og_type":"article","og_title":"Onze kamers - Herberg de Loohoeve","og_url":"https:\/\/herbergdeloohoeve.nl\/kamers\/","og_site_name":"Herberg de Loohoeve","article_modified_time":"2026-02-26T08:17:05+00:00","og_image":[{"width":1536,"height":2048,"url":"https:\/\/herbergdeloohoeve.nl\/wp-content\/uploads\/2024\/04\/WhatsApp-Image-2024-04-16-at-17.48.34-3.jpg","type":"image\/jpeg"}],"twitter_card":"summary_large_image","twitter_misc":{"Est. reading time":"4 minutes"},"schema":{"@context":"https:\/\/schema.org","@graph":[{"@type":"WebPage","@id":"https:\/\/herbergdeloohoeve.nl\/kamers\/","url":"https:\/\/herbergdeloohoeve.nl\/kamers\/","name":"Onze kamers - Herberg de Loohoeve","isPartOf":{"@id":"https:\/\/herbergdeloohoeve.nl\/#website"},"primaryImageOfPage":{"@id":"https:\/\/herbergdeloohoeve.nl\/kamers\/#primaryimage"},"image":{"@id":"https:\/\/herbergdeloohoeve.nl\/kamers\/#primaryimage"},"thumbnailUrl":"https:\/\/herbergdeloohoeve.nl\/wp-content\/uploads\/2024\/04\/WhatsApp-Image-2024-04-16-at-17.48.34-3.jpg","datePublished":"2022-01-21T13:50:47+00:00","dateModified":"2026-02-26T08:17:05+00:00","breadcrumb":{"@id":"https:\/\/herbergdeloohoeve.nl\/kamers\/#breadcrumb"},"inLanguage":"de-DE","potentialAction":[{"@type":"ReadAction","target":["https:\/\/herbergdeloohoeve.nl\/kamers\/"]}]},{"@type":"ImageObject","inLanguage":"de-DE","@id":"https:\/\/herbergdeloohoeve.nl\/kamers\/#primaryimage","url":"https:\/\/herbergdeloohoeve.nl\/wp-content\/uploads\/2024\/04\/WhatsApp-Image-2024-04-16-at-17.48.34-3.jpg","contentUrl":"https:\/\/herbergdeloohoeve.nl\/wp-content\/uploads\/2024\/04\/WhatsApp-Image-2024-04-16-at-17.48.34-3.jpg","width":1536,"height":2048},{"@type":"BreadcrumbList","@id":"https:\/\/herbergdeloohoeve.nl\/kamers\/#breadcrumb","itemListElement":[{"@type":"ListItem","position":1,"name":"Home","item":"https:\/\/herbergdeloohoeve.nl\/"},{"@type":"ListItem","position":2,"name":"Onze kamers"}]},{"@type":"WebSite","@id":"https:\/\/herbergdeloohoeve.nl\/#website","url":"https:\/\/herbergdeloohoeve.nl\/","name":"Herberg de Loohoeve","description":"","potentialAction":[{"@type":"SearchAction","target":{"@type":"EntryPoint","urlTemplate":"https:\/\/herbergdeloohoeve.nl\/?s={search_term_string}"},"query-input":{"@type":"PropertyValueSpecification","valueRequired":true,"valueName":"search_term_string"}}],"inLanguage":"de-DE"}]}},"_links":{"self":[{"href":"https:\/\/herbergdeloohoeve.nl\/de\/wp-json\/wp\/v2\/pages\/56","targetHints":{"allow":["GET"]}}],"collection":[{"href":"https:\/\/herbergdeloohoeve.nl\/de\/wp-json\/wp\/v2\/pages"}],"about":[{"href":"https:\/\/herbergdeloohoeve.nl\/de\/wp-json\/wp\/v2\/types\/page"}],"author":[{"embeddable":true,"href":"https:\/\/herbergdeloohoeve.nl\/de\/wp-json\/wp\/v2\/users\/1"}],"replies":[{"embeddable":true,"href":"https:\/\/herbergdeloohoeve.nl\/de\/wp-json\/wp\/v2\/comments?post=56"}],"version-history":[{"count":1,"href":"https:\/\/herbergdeloohoeve.nl\/de\/wp-json\/wp\/v2\/pages\/56\/revisions"}],"predecessor-version":[{"id":4533,"href":"https:\/\/herbergdeloohoeve.nl\/de\/wp-json\/wp\/v2\/pages\/56\/revisions\/4533"}],"wp:featuredmedia":[{"embeddable":true,"href":"https:\/\/herbergdeloohoeve.nl\/de\/wp-json\/wp\/v2\/media\/2068"}],"wp:attachment":[{"href":"https:\/\/herbergdeloohoeve.nl\/de\/wp-json\/wp\/v2\/media?parent=56"}],"curies":[{"name":"wp","href":"https:\/\/api.w.org\/{rel}","templated":true}]}}