{"id":60,"date":"2022-01-21T14:51:21","date_gmt":"2022-01-21T13:51:21","guid":{"rendered":"https:\/\/herbergdeloohoeve.nl\/?page_id=60"},"modified":"2025-02-21T16:37:36","modified_gmt":"2025-02-21T15:37:36","slug":"over-ons","status":"publish","type":"page","link":"https:\/\/herbergdeloohoeve.nl\/de\/over-ons\/","title":{"rendered":"Wer sind wir?"},"content":{"rendered":"\n<div class=\"wp-block-media-text alignwide is-stacked-on-mobile\"><figure class=\"wp-block-media-text__media\"><img loading=\"lazy\" decoding=\"async\" width=\"414\" height=\"296\" src=\"https:\/\/herbergdeloohoeve.nl\/wp-content\/uploads\/2022\/01\/Rene_en_janneke.jpg\" alt=\"\" class=\"wp-image-329 size-full\" srcset=\"https:\/\/herbergdeloohoeve.nl\/wp-content\/uploads\/2022\/01\/Rene_en_janneke.jpg 414w, https:\/\/herbergdeloohoeve.nl\/wp-content\/uploads\/2022\/01\/Rene_en_janneke-300x214.jpg 300w\" sizes=\"auto, (max-width: 414px) 100vw, 414px\" \/><\/figure><div class=\"wp-block-media-text__content\">\n<p class=\"has-small-font-size\">Wir sind Ren\u00e9 und Janneke Waninge, seit dem 1. Februar sind wir in Herberg de Loohoeve. Als wir das Hotel und das Restaurant zum ersten Mal sahen, haben wir uns sofort in sie verliebt. Aufgrund der wundersch\u00f6nen Natur und der friedlichen Umgebung wussten wir sofort, dass wir uns hier unseren Traum erf\u00fcllen wollten. Die G\u00e4ste sollen einen erholsamen Aufenthalt inmitten der wundersch\u00f6nen Natur genie\u00dfen k\u00f6nnen. Unsere Speisekarte mit k\u00f6stlichen regionalen Produkten, eine freundliche Atmosph\u00e4re und unsere gastfreundlichen Mitarbeiter sorgen daf\u00fcr, dass Sie sich bei uns sofort wohlf\u00fchlen.<\/p>\n<\/div><\/div>\n","protected":false},"excerpt":{"rendered":"<p>Wir sind Ren\u00e9 und Janneke Waninge, seit dem 1. Februar sind wir in Herberg de Loohoeve. Als wir das Hotel und das Restaurant zum ersten [&hellip;]<\/p>\n","protected":false},"author":1,"featured_media":1699,"parent":0,"menu_order":0,"comment_status":"closed","ping_status":"closed","template":"","meta":{"footnotes":""},"class_list":["post-60","page","type-page","status-publish","has-post-thumbnail","hentry"],"translation":{"provider":"WPGlobus","version":"3.0.2","language":"de","enabled_languages":["nl","de"],"languages":{"nl":{"title":true,"content":true,"excerpt":false},"de":{"title":true,"content":true,"excerpt":false}}},"yoast_head":"<!-- This site is optimized with the Yoast SEO plugin v27.4 - https:\/\/yoast.com\/product\/yoast-seo-wordpress\/ -->\n<title>Wer sind wir? - Herberg de Loohoeve<\/title>\n<meta name=\"robots\" content=\"index, follow, max-snippet:-1, max-image-preview:large, max-video-preview:-1\" \/>\n<link rel=\"canonical\" href=\"https:\/\/herbergdeloohoeve.nl\/over-ons\/\" \/>\n<meta property=\"og:locale\" content=\"de_DE\" \/>\n<meta property=\"og:type\" content=\"article\" \/>\n<meta property=\"og:title\" content=\"Wer sind wir? - Herberg de Loohoeve\" \/>\n<meta property=\"og:url\" content=\"https:\/\/herbergdeloohoeve.nl\/over-ons\/\" \/>\n<meta property=\"og:site_name\" content=\"Herberg de Loohoeve\" \/>\n<meta property=\"article:modified_time\" content=\"2025-02-21T15:37:36+00:00\" \/>\n<meta property=\"og:image\" content=\"https:\/\/herbergdeloohoeve.nl\/wp-content\/uploads\/2021\/12\/Home-header.jpg\" \/>\n\t<meta property=\"og:image:width\" content=\"1920\" \/>\n\t<meta property=\"og:image:height\" content=\"650\" \/>\n\t<meta property=\"og:image:type\" content=\"image\/jpeg\" \/>\n<meta name=\"twitter:card\" content=\"summary_large_image\" \/>\n<meta name=\"twitter:label1\" content=\"Est. reading time\" \/>\n\t<meta name=\"twitter:data1\" content=\"1 minute\" \/>\n<script type=\"application\/ld+json\" class=\"yoast-schema-graph\">{\"@context\":\"https:\\\/\\\/schema.org\",\"@graph\":[{\"@type\":\"WebPage\",\"@id\":\"https:\\\/\\\/herbergdeloohoeve.nl\\\/over-ons\\\/\",\"url\":\"https:\\\/\\\/herbergdeloohoeve.nl\\\/over-ons\\\/\",\"name\":\"Wer sind wir? - Herberg de Loohoeve\",\"isPartOf\":{\"@id\":\"https:\\\/\\\/herbergdeloohoeve.nl\\\/#website\"},\"primaryImageOfPage\":{\"@id\":\"https:\\\/\\\/herbergdeloohoeve.nl\\\/over-ons\\\/#primaryimage\"},\"image\":{\"@id\":\"https:\\\/\\\/herbergdeloohoeve.nl\\\/over-ons\\\/#primaryimage\"},\"thumbnailUrl\":\"https:\\\/\\\/herbergdeloohoeve.nl\\\/wp-content\\\/uploads\\\/2021\\\/12\\\/Home-header.jpg\",\"datePublished\":\"2022-01-21T13:51:21+00:00\",\"dateModified\":\"2025-02-21T15:37:36+00:00\",\"breadcrumb\":{\"@id\":\"https:\\\/\\\/herbergdeloohoeve.nl\\\/over-ons\\\/#breadcrumb\"},\"inLanguage\":\"de-DE\",\"potentialAction\":[{\"@type\":\"ReadAction\",\"target\":[\"https:\\\/\\\/herbergdeloohoeve.nl\\\/over-ons\\\/\"]}]},{\"@type\":\"ImageObject\",\"inLanguage\":\"de-DE\",\"@id\":\"https:\\\/\\\/herbergdeloohoeve.nl\\\/over-ons\\\/#primaryimage\",\"url\":\"https:\\\/\\\/herbergdeloohoeve.nl\\\/wp-content\\\/uploads\\\/2021\\\/12\\\/Home-header.jpg\",\"contentUrl\":\"https:\\\/\\\/herbergdeloohoeve.nl\\\/wp-content\\\/uploads\\\/2021\\\/12\\\/Home-header.jpg\",\"width\":1920,\"height\":650},{\"@type\":\"BreadcrumbList\",\"@id\":\"https:\\\/\\\/herbergdeloohoeve.nl\\\/over-ons\\\/#breadcrumb\",\"itemListElement\":[{\"@type\":\"ListItem\",\"position\":1,\"name\":\"Home\",\"item\":\"https:\\\/\\\/herbergdeloohoeve.nl\\\/\"},{\"@type\":\"ListItem\",\"position\":2,\"name\":\"Over ons\"}]},{\"@type\":\"WebSite\",\"@id\":\"https:\\\/\\\/herbergdeloohoeve.nl\\\/#website\",\"url\":\"https:\\\/\\\/herbergdeloohoeve.nl\\\/\",\"name\":\"Herberg de Loohoeve\",\"description\":\"\",\"potentialAction\":[{\"@type\":\"SearchAction\",\"target\":{\"@type\":\"EntryPoint\",\"urlTemplate\":\"https:\\\/\\\/herbergdeloohoeve.nl\\\/?s={search_term_string}\"},\"query-input\":{\"@type\":\"PropertyValueSpecification\",\"valueRequired\":true,\"valueName\":\"search_term_string\"}}],\"inLanguage\":\"de-DE\"}]}<\/script>\n<!-- \/ Yoast SEO plugin. -->","yoast_head_json":{"title":"Wer sind wir? - Herberg de Loohoeve","robots":{"index":"index","follow":"follow","max-snippet":"max-snippet:-1","max-image-preview":"max-image-preview:large","max-video-preview":"max-video-preview:-1"},"canonical":"https:\/\/herbergdeloohoeve.nl\/over-ons\/","og_locale":"de_DE","og_type":"article","og_title":"Wer sind wir? - Herberg de Loohoeve","og_url":"https:\/\/herbergdeloohoeve.nl\/over-ons\/","og_site_name":"Herberg de Loohoeve","article_modified_time":"2025-02-21T15:37:36+00:00","og_image":[{"width":1920,"height":650,"url":"https:\/\/herbergdeloohoeve.nl\/wp-content\/uploads\/2021\/12\/Home-header.jpg","type":"image\/jpeg"}],"twitter_card":"summary_large_image","twitter_misc":{"Est. reading time":"1 minute"},"schema":{"@context":"https:\/\/schema.org","@graph":[{"@type":"WebPage","@id":"https:\/\/herbergdeloohoeve.nl\/over-ons\/","url":"https:\/\/herbergdeloohoeve.nl\/over-ons\/","name":"Wer sind wir? - Herberg de Loohoeve","isPartOf":{"@id":"https:\/\/herbergdeloohoeve.nl\/#website"},"primaryImageOfPage":{"@id":"https:\/\/herbergdeloohoeve.nl\/over-ons\/#primaryimage"},"image":{"@id":"https:\/\/herbergdeloohoeve.nl\/over-ons\/#primaryimage"},"thumbnailUrl":"https:\/\/herbergdeloohoeve.nl\/wp-content\/uploads\/2021\/12\/Home-header.jpg","datePublished":"2022-01-21T13:51:21+00:00","dateModified":"2025-02-21T15:37:36+00:00","breadcrumb":{"@id":"https:\/\/herbergdeloohoeve.nl\/over-ons\/#breadcrumb"},"inLanguage":"de-DE","potentialAction":[{"@type":"ReadAction","target":["https:\/\/herbergdeloohoeve.nl\/over-ons\/"]}]},{"@type":"ImageObject","inLanguage":"de-DE","@id":"https:\/\/herbergdeloohoeve.nl\/over-ons\/#primaryimage","url":"https:\/\/herbergdeloohoeve.nl\/wp-content\/uploads\/2021\/12\/Home-header.jpg","contentUrl":"https:\/\/herbergdeloohoeve.nl\/wp-content\/uploads\/2021\/12\/Home-header.jpg","width":1920,"height":650},{"@type":"BreadcrumbList","@id":"https:\/\/herbergdeloohoeve.nl\/over-ons\/#breadcrumb","itemListElement":[{"@type":"ListItem","position":1,"name":"Home","item":"https:\/\/herbergdeloohoeve.nl\/"},{"@type":"ListItem","position":2,"name":"Over ons"}]},{"@type":"WebSite","@id":"https:\/\/herbergdeloohoeve.nl\/#website","url":"https:\/\/herbergdeloohoeve.nl\/","name":"Herberg de Loohoeve","description":"","potentialAction":[{"@type":"SearchAction","target":{"@type":"EntryPoint","urlTemplate":"https:\/\/herbergdeloohoeve.nl\/?s={search_term_string}"},"query-input":{"@type":"PropertyValueSpecification","valueRequired":true,"valueName":"search_term_string"}}],"inLanguage":"de-DE"}]}},"_links":{"self":[{"href":"https:\/\/herbergdeloohoeve.nl\/de\/wp-json\/wp\/v2\/pages\/60","targetHints":{"allow":["GET"]}}],"collection":[{"href":"https:\/\/herbergdeloohoeve.nl\/de\/wp-json\/wp\/v2\/pages"}],"about":[{"href":"https:\/\/herbergdeloohoeve.nl\/de\/wp-json\/wp\/v2\/types\/page"}],"author":[{"embeddable":true,"href":"https:\/\/herbergdeloohoeve.nl\/de\/wp-json\/wp\/v2\/users\/1"}],"replies":[{"embeddable":true,"href":"https:\/\/herbergdeloohoeve.nl\/de\/wp-json\/wp\/v2\/comments?post=60"}],"version-history":[{"count":0,"href":"https:\/\/herbergdeloohoeve.nl\/de\/wp-json\/wp\/v2\/pages\/60\/revisions"}],"wp:featuredmedia":[{"embeddable":true,"href":"https:\/\/herbergdeloohoeve.nl\/de\/wp-json\/wp\/v2\/media\/1699"}],"wp:attachment":[{"href":"https:\/\/herbergdeloohoeve.nl\/de\/wp-json\/wp\/v2\/media?parent=60"}],"curies":[{"name":"wp","href":"https:\/\/api.w.org\/{rel}","templated":true}]}}